{"id":12550,"date":"2023-11-24T08:36:56","date_gmt":"2023-11-24T07:36:56","guid":{"rendered":"https:\/\/www.hollerwoeger.com\/pepperbird\/?page_id=12550"},"modified":"2023-11-24T09:13:26","modified_gmt":"2023-11-24T08:13:26","slug":"2016-2","status":"publish","type":"page","link":"https:\/\/www.hollerwoeger.com\/pepperbird\/segeltoerns-sailing-trips\/2016-2\/","title":{"rendered":"2016"},"content":{"rendered":"\t\t<div data-elementor-type=\"wp-page\" data-elementor-id=\"12550\" class=\"elementor elementor-12550\" data-elementor-post-type=\"page\">\n\t\t\t\t\t\t<section class=\"elementor-section elementor-top-section elementor-element elementor-element-d85f747 animated-slow elementor-section-boxed elementor-section-height-default elementor-section-height-default elementor-invisible\" data-id=\"d85f747\" data-element_type=\"section\" data-e-type=\"section\" data-settings=\"{&quot;animation&quot;:&quot;fadeIn&quot;}\">\n\t\t\t\t\t\t<div class=\"elementor-container elementor-column-gap-default\">\n\t\t\t\t\t<div class=\"elementor-column elementor-col-100 elementor-top-column elementor-element elementor-element-447bd59\" data-id=\"447bd59\" data-element_type=\"column\" data-e-type=\"column\">\n\t\t\t<div class=\"elementor-widget-wrap elementor-element-populated\">\n\t\t\t\t\t\t<div class=\"elementor-element elementor-element-ac6305a elementor-invisible elementor-widget elementor-widget-image\" data-id=\"ac6305a\" data-element_type=\"widget\" data-e-type=\"widget\" data-settings=\"{&quot;_animation&quot;:&quot;fadeInDown&quot;}\" data-widget_type=\"image.default\">\n\t\t\t\t<div class=\"elementor-widget-container\">\n\t\t\t\t\t\t\t\t\t\t\t\t\t\t\t<img fetchpriority=\"high\" decoding=\"async\" width=\"1024\" height=\"205\" src=\"https:\/\/www.hollerwoeger.com\/pepperbird\/wp-content\/uploads\/2020\/05\/G33-1024x205.jpg\" class=\"attachment-large size-large wp-image-677\" alt=\"\" srcset=\"https:\/\/www.hollerwoeger.com\/pepperbird\/wp-content\/uploads\/2020\/05\/G33-1024x205.jpg 1024w, https:\/\/www.hollerwoeger.com\/pepperbird\/wp-content\/uploads\/2020\/05\/G33-300x60.jpg 300w, https:\/\/www.hollerwoeger.com\/pepperbird\/wp-content\/uploads\/2020\/05\/G33-768x154.jpg 768w, https:\/\/www.hollerwoeger.com\/pepperbird\/wp-content\/uploads\/2020\/05\/G33-1536x307.jpg 1536w, https:\/\/www.hollerwoeger.com\/pepperbird\/wp-content\/uploads\/2020\/05\/G33.jpg 1920w\" sizes=\"(max-width: 1024px) 100vw, 1024px\" \/>\t\t\t\t\t\t\t\t\t\t\t\t\t\t\t<\/div>\n\t\t\t\t<\/div>\n\t\t\t\t\t<\/div>\n\t\t<\/div>\n\t\t\t\t\t<\/div>\n\t\t<\/section>\n\t\t\t\t<section class=\"elementor-section elementor-top-section elementor-element elementor-element-bd77b95 elementor-section-boxed elementor-section-height-default elementor-section-height-default\" data-id=\"bd77b95\" data-element_type=\"section\" data-e-type=\"section\">\n\t\t\t\t\t\t<div class=\"elementor-container elementor-column-gap-default\">\n\t\t\t\t\t<div class=\"elementor-column elementor-col-33 elementor-top-column elementor-element elementor-element-c70922e\" data-id=\"c70922e\" data-element_type=\"column\" data-e-type=\"column\">\n\t\t\t<div class=\"elementor-widget-wrap elementor-element-populated\">\n\t\t\t\t\t\t<div class=\"elementor-element elementor-element-c1546c2 elementor-nav-menu__align-end elementor-nav-menu--dropdown-tablet elementor-nav-menu__text-align-aside elementor-nav-menu--toggle elementor-nav-menu--burger elementor-widget elementor-widget-nav-menu\" data-id=\"c1546c2\" data-element_type=\"widget\" data-e-type=\"widget\" data-settings=\"{&quot;layout&quot;:&quot;vertical&quot;,&quot;motion_fx_motion_fx_scrolling&quot;:&quot;yes&quot;,&quot;sticky&quot;:&quot;top&quot;,&quot;sticky_offset&quot;:110,&quot;submenu_icon&quot;:{&quot;value&quot;:&quot;&lt;i class=\\&quot;fas fa-caret-down\\&quot; aria-hidden=\\&quot;true\\&quot;&gt;&lt;\\\/i&gt;&quot;,&quot;library&quot;:&quot;fa-solid&quot;},&quot;toggle&quot;:&quot;burger&quot;,&quot;motion_fx_devices&quot;:[&quot;desktop&quot;,&quot;tablet&quot;,&quot;mobile&quot;],&quot;sticky_on&quot;:[&quot;desktop&quot;,&quot;tablet&quot;,&quot;mobile&quot;],&quot;sticky_effects_offset&quot;:0,&quot;sticky_anchor_link_offset&quot;:0}\" data-widget_type=\"nav-menu.default\">\n\t\t\t\t<div class=\"elementor-widget-container\">\n\t\t\t\t\t\t\t\t<nav aria-label=\"Men\u00fc\" class=\"elementor-nav-menu--main elementor-nav-menu__container elementor-nav-menu--layout-vertical e--pointer-underline e--animation-slide\">\n\t\t\t\t<ul id=\"menu-1-c1546c2\" class=\"elementor-nav-menu sm-vertical\"><li class=\"menu-item menu-item-type-post_type menu-item-object-page menu-item-1057\"><a href=\"https:\/\/www.hollerwoeger.com\/pepperbird\/segeltoerns-sailing-trips\/\" class=\"elementor-item\">Segelt\u00f6rns \u2013 Sailing trips<\/a><\/li>\n<li class=\"menu-item menu-item-type-post_type menu-item-object-page menu-item-1059\"><a href=\"https:\/\/www.hollerwoeger.com\/pepperbird\/segeltoerns-sailing-trips\/2004-2\/\" class=\"elementor-item\">2004<\/a><\/li>\n<li class=\"menu-item menu-item-type-post_type menu-item-object-page menu-item-1550\"><a href=\"https:\/\/www.hollerwoeger.com\/pepperbird\/segeltoerns-sailing-trips\/2005b\/\" class=\"elementor-item\">2005<\/a><\/li>\n<li class=\"menu-item menu-item-type-post_type menu-item-object-page menu-item-1742\"><a href=\"https:\/\/www.hollerwoeger.com\/pepperbird\/segeltoerns-sailing-trips\/2006-2\/\" class=\"elementor-item\">2006<\/a><\/li>\n<li class=\"menu-item menu-item-type-post_type menu-item-object-page menu-item-3066\"><a href=\"https:\/\/www.hollerwoeger.com\/pepperbird\/segeltoerns-sailing-trips\/2007-3\/\" class=\"elementor-item\">2007<\/a><\/li>\n<li class=\"menu-item menu-item-type-post_type menu-item-object-page menu-item-3931\"><a href=\"https:\/\/www.hollerwoeger.com\/pepperbird\/segeltoerns-sailing-trips\/2008-2\/\" class=\"elementor-item\">2008<\/a><\/li>\n<li class=\"menu-item menu-item-type-post_type menu-item-object-page menu-item-4514\"><a href=\"https:\/\/www.hollerwoeger.com\/pepperbird\/segeltoerns-sailing-trips\/2009-2\/\" class=\"elementor-item\">2009<\/a><\/li>\n<li class=\"menu-item menu-item-type-post_type menu-item-object-page menu-item-4932\"><a href=\"https:\/\/www.hollerwoeger.com\/pepperbird\/segeltoerns-sailing-trips\/2010a\/\" class=\"elementor-item\">2010a<\/a><\/li>\n<li class=\"menu-item menu-item-type-post_type menu-item-object-page menu-item-5028\"><a href=\"https:\/\/www.hollerwoeger.com\/pepperbird\/segeltoerns-sailing-trips\/2010b\/\" class=\"elementor-item\">2010b<\/a><\/li>\n<li class=\"menu-item menu-item-type-post_type menu-item-object-page menu-item-11273\"><a href=\"https:\/\/www.hollerwoeger.com\/pepperbird\/segeltoerns-sailing-trips\/2011-2\/\" class=\"elementor-item\">2011<\/a><\/li>\n<li class=\"menu-item menu-item-type-post_type menu-item-object-page menu-item-12500\"><a href=\"https:\/\/www.hollerwoeger.com\/pepperbird\/segeltoerns-sailing-trips\/2013-2\/\" class=\"elementor-item\">2013<\/a><\/li>\n<li class=\"menu-item menu-item-type-post_type menu-item-object-page menu-item-12534\"><a href=\"https:\/\/www.hollerwoeger.com\/pepperbird\/segeltoerns-sailing-trips\/2014-2\/\" class=\"elementor-item\">2014<\/a><\/li>\n<li class=\"menu-item menu-item-type-post_type menu-item-object-page menu-item-12591\"><a href=\"https:\/\/www.hollerwoeger.com\/pepperbird\/segeltoerns-sailing-trips\/2016-2\/\" class=\"elementor-item\">2016<\/a><\/li>\n<li class=\"menu-item menu-item-type-post_type menu-item-object-page menu-item-12590\"><a href=\"https:\/\/www.hollerwoeger.com\/pepperbird\/segeltoerns-sailing-trips\/2017-2\/\" class=\"elementor-item\">2017<\/a><\/li>\n<li class=\"menu-item menu-item-type-post_type menu-item-object-page menu-item-12589\"><a href=\"https:\/\/www.hollerwoeger.com\/pepperbird\/segeltoerns-sailing-trips\/2018-2\/\" class=\"elementor-item\">2018<\/a><\/li>\n<li class=\"menu-item menu-item-type-post_type menu-item-object-page menu-item-12588\"><a href=\"https:\/\/www.hollerwoeger.com\/pepperbird\/segeltoerns-sailing-trips\/2019-2\/\" class=\"elementor-item\">2019<\/a><\/li>\n<\/ul>\t\t\t<\/nav>\n\t\t\t\t\t<div class=\"elementor-menu-toggle\" role=\"button\" tabindex=\"0\" aria-label=\"Men\u00fc Umschalter\" aria-expanded=\"false\">\n\t\t\t<i aria-hidden=\"true\" role=\"presentation\" class=\"elementor-menu-toggle__icon--open eicon-menu-bar\"><\/i><i aria-hidden=\"true\" role=\"presentation\" class=\"elementor-menu-toggle__icon--close eicon-close\"><\/i>\t\t<\/div>\n\t\t\t\t\t<nav class=\"elementor-nav-menu--dropdown elementor-nav-menu__container\" aria-hidden=\"true\">\n\t\t\t\t<ul id=\"menu-2-c1546c2\" class=\"elementor-nav-menu sm-vertical\"><li class=\"menu-item menu-item-type-post_type menu-item-object-page menu-item-1057\"><a href=\"https:\/\/www.hollerwoeger.com\/pepperbird\/segeltoerns-sailing-trips\/\" class=\"elementor-item\" tabindex=\"-1\">Segelt\u00f6rns \u2013 Sailing trips<\/a><\/li>\n<li class=\"menu-item menu-item-type-post_type menu-item-object-page menu-item-1059\"><a href=\"https:\/\/www.hollerwoeger.com\/pepperbird\/segeltoerns-sailing-trips\/2004-2\/\" class=\"elementor-item\" tabindex=\"-1\">2004<\/a><\/li>\n<li class=\"menu-item menu-item-type-post_type menu-item-object-page menu-item-1550\"><a href=\"https:\/\/www.hollerwoeger.com\/pepperbird\/segeltoerns-sailing-trips\/2005b\/\" class=\"elementor-item\" tabindex=\"-1\">2005<\/a><\/li>\n<li class=\"menu-item menu-item-type-post_type menu-item-object-page menu-item-1742\"><a href=\"https:\/\/www.hollerwoeger.com\/pepperbird\/segeltoerns-sailing-trips\/2006-2\/\" class=\"elementor-item\" tabindex=\"-1\">2006<\/a><\/li>\n<li class=\"menu-item menu-item-type-post_type menu-item-object-page menu-item-3066\"><a href=\"https:\/\/www.hollerwoeger.com\/pepperbird\/segeltoerns-sailing-trips\/2007-3\/\" class=\"elementor-item\" tabindex=\"-1\">2007<\/a><\/li>\n<li class=\"menu-item menu-item-type-post_type menu-item-object-page menu-item-3931\"><a href=\"https:\/\/www.hollerwoeger.com\/pepperbird\/segeltoerns-sailing-trips\/2008-2\/\" class=\"elementor-item\" tabindex=\"-1\">2008<\/a><\/li>\n<li class=\"menu-item menu-item-type-post_type menu-item-object-page menu-item-4514\"><a href=\"https:\/\/www.hollerwoeger.com\/pepperbird\/segeltoerns-sailing-trips\/2009-2\/\" class=\"elementor-item\" tabindex=\"-1\">2009<\/a><\/li>\n<li class=\"menu-item menu-item-type-post_type menu-item-object-page menu-item-4932\"><a href=\"https:\/\/www.hollerwoeger.com\/pepperbird\/segeltoerns-sailing-trips\/2010a\/\" class=\"elementor-item\" tabindex=\"-1\">2010a<\/a><\/li>\n<li class=\"menu-item menu-item-type-post_type menu-item-object-page menu-item-5028\"><a href=\"https:\/\/www.hollerwoeger.com\/pepperbird\/segeltoerns-sailing-trips\/2010b\/\" class=\"elementor-item\" tabindex=\"-1\">2010b<\/a><\/li>\n<li class=\"menu-item menu-item-type-post_type menu-item-object-page menu-item-11273\"><a href=\"https:\/\/www.hollerwoeger.com\/pepperbird\/segeltoerns-sailing-trips\/2011-2\/\" class=\"elementor-item\" tabindex=\"-1\">2011<\/a><\/li>\n<li class=\"menu-item menu-item-type-post_type menu-item-object-page menu-item-12500\"><a href=\"https:\/\/www.hollerwoeger.com\/pepperbird\/segeltoerns-sailing-trips\/2013-2\/\" class=\"elementor-item\" tabindex=\"-1\">2013<\/a><\/li>\n<li class=\"menu-item menu-item-type-post_type menu-item-object-page menu-item-12534\"><a href=\"https:\/\/www.hollerwoeger.com\/pepperbird\/segeltoerns-sailing-trips\/2014-2\/\" class=\"elementor-item\" tabindex=\"-1\">2014<\/a><\/li>\n<li class=\"menu-item menu-item-type-post_type menu-item-object-page menu-item-12591\"><a href=\"https:\/\/www.hollerwoeger.com\/pepperbird\/segeltoerns-sailing-trips\/2016-2\/\" class=\"elementor-item\" tabindex=\"-1\">2016<\/a><\/li>\n<li class=\"menu-item menu-item-type-post_type menu-item-object-page menu-item-12590\"><a href=\"https:\/\/www.hollerwoeger.com\/pepperbird\/segeltoerns-sailing-trips\/2017-2\/\" class=\"elementor-item\" tabindex=\"-1\">2017<\/a><\/li>\n<li class=\"menu-item menu-item-type-post_type menu-item-object-page menu-item-12589\"><a href=\"https:\/\/www.hollerwoeger.com\/pepperbird\/segeltoerns-sailing-trips\/2018-2\/\" class=\"elementor-item\" tabindex=\"-1\">2018<\/a><\/li>\n<li class=\"menu-item menu-item-type-post_type menu-item-object-page menu-item-12588\"><a href=\"https:\/\/www.hollerwoeger.com\/pepperbird\/segeltoerns-sailing-trips\/2019-2\/\" class=\"elementor-item\" tabindex=\"-1\">2019<\/a><\/li>\n<\/ul>\t\t\t<\/nav>\n\t\t\t\t\t\t<\/div>\n\t\t\t\t<\/div>\n\t\t\t\t\t<\/div>\n\t\t<\/div>\n\t\t\t\t<div class=\"elementor-column elementor-col-33 elementor-top-column elementor-element elementor-element-e0535b9\" data-id=\"e0535b9\" data-element_type=\"column\" data-e-type=\"column\">\n\t\t\t<div class=\"elementor-widget-wrap elementor-element-populated\">\n\t\t\t\t\t\t<div class=\"elementor-element elementor-element-bddeab5 elementor-widget elementor-widget-heading\" data-id=\"bddeab5\" data-element_type=\"widget\" data-e-type=\"widget\" data-settings=\"{&quot;_animation&quot;:&quot;none&quot;,&quot;_animation_delay&quot;:500}\" data-widget_type=\"heading.default\">\n\t\t\t\t<div class=\"elementor-widget-container\">\n\t\t\t\t\t<h2 class=\"elementor-heading-title elementor-size-small\">Die Kornaten<\/h2>\t\t\t\t<\/div>\n\t\t\t\t<\/div>\n\t\t\t\t\t<\/div>\n\t\t<\/div>\n\t\t\t\t<div class=\"elementor-column elementor-col-33 elementor-top-column elementor-element elementor-element-a5c04f6\" data-id=\"a5c04f6\" data-element_type=\"column\" data-e-type=\"column\">\n\t\t\t<div class=\"elementor-widget-wrap elementor-element-populated\">\n\t\t\t\t\t\t<div class=\"elementor-element elementor-element-a5a5480 elementor-widget elementor-widget-heading\" data-id=\"a5a5480\" data-element_type=\"widget\" data-e-type=\"widget\" data-settings=\"{&quot;_animation&quot;:&quot;none&quot;,&quot;_animation_delay&quot;:500}\" data-widget_type=\"heading.default\">\n\t\t\t\t<div class=\"elementor-widget-container\">\n\t\t\t\t\t<h2 class=\"elementor-heading-title elementor-size-small\">The Kornati Islands<\/h2>\t\t\t\t<\/div>\n\t\t\t\t<\/div>\n\t\t\t\t\t<\/div>\n\t\t<\/div>\n\t\t\t\t\t<\/div>\n\t\t<\/section>\n\t\t\t\t<section class=\"elementor-section elementor-top-section elementor-element elementor-element-db9740c elementor-section-boxed elementor-section-height-default elementor-section-height-default\" data-id=\"db9740c\" data-element_type=\"section\" data-e-type=\"section\">\n\t\t\t\t\t\t<div class=\"elementor-container elementor-column-gap-default\">\n\t\t\t\t\t<div class=\"elementor-column elementor-col-33 elementor-top-column elementor-element elementor-element-df02a14\" data-id=\"df02a14\" data-element_type=\"column\" data-e-type=\"column\">\n\t\t\t<div class=\"elementor-widget-wrap\">\n\t\t\t\t\t\t\t<\/div>\n\t\t<\/div>\n\t\t\t\t<div class=\"elementor-column elementor-col-33 elementor-top-column elementor-element elementor-element-585f56e\" data-id=\"585f56e\" data-element_type=\"column\" data-e-type=\"column\">\n\t\t\t<div class=\"elementor-widget-wrap elementor-element-populated\">\n\t\t\t\t\t\t<div class=\"elementor-element elementor-element-af4570c elementor-widget elementor-widget-text-editor\" data-id=\"af4570c\" data-element_type=\"widget\" data-e-type=\"widget\" data-widget_type=\"text-editor.default\">\n\t\t\t\t<div class=\"elementor-widget-container\">\n\t\t\t\t\t\t\t\t\t<p>Mit derselben Crew wie 2009 wollen wir uns diesmal die m\u00fchsame Anreise nach Griechenland ersparen. Deshalb w\u00e4hlen wir die Gegend um Zadar in Kroatien als Ziel f\u00fcr unseren Fr\u00fchjahrst\u00f6rn. Nach Biograd reisen wir mit dem Auto an. Es wird eine sehr sch\u00f6ner, aber auch sehr k\u00fchle Segelreise. Die Adria liegt doch um einiges n\u00f6rdlicher als die \u00c4g\u00e4is.<\/p>\t\t\t\t\t\t\t\t<\/div>\n\t\t\t\t<\/div>\n\t\t\t\t\t<\/div>\n\t\t<\/div>\n\t\t\t\t<div class=\"elementor-column elementor-col-33 elementor-top-column elementor-element elementor-element-9dc297a\" data-id=\"9dc297a\" data-element_type=\"column\" data-e-type=\"column\">\n\t\t\t<div class=\"elementor-widget-wrap elementor-element-populated\">\n\t\t\t\t\t\t<div class=\"elementor-element elementor-element-be6a3c6 elementor-widget elementor-widget-text-editor\" data-id=\"be6a3c6\" data-element_type=\"widget\" data-e-type=\"widget\" data-widget_type=\"text-editor.default\">\n\t\t\t\t<div class=\"elementor-widget-container\">\n\t\t\t\t\t\t\t\t\t<p>With the same crew as in 2009, we want to avoid the tedious journey to Greece this time. That is why we choose the area around Zadar in Croatia as the destination for our spring cruise. We will be travelling to Biograd by car. It will be a very beautiful, but also very cool sailing trip. After all, the Adriatic is a lot further north than the Aegean.<\/p>\t\t\t\t\t\t\t\t<\/div>\n\t\t\t\t<\/div>\n\t\t\t\t\t<\/div>\n\t\t<\/div>\n\t\t\t\t\t<\/div>\n\t\t<\/section>\n\t\t\t\t<\/div>\n\t\t","protected":false},"excerpt":{"rendered":"<p>Die Kornaten The Kornati Islands Mit derselben Crew wie 2009 wollen wir uns diesmal die m\u00fchsame Anreise nach Griechenland ersparen. Deshalb w\u00e4hlen wir die Gegend um Zadar in Kroatien als Ziel f\u00fcr unseren Fr\u00fchjahrst\u00f6rn. Nach Biograd reisen wir mit dem Auto an. Es wird eine sehr sch\u00f6ner, aber auch sehr k\u00fchle Segelreise. Die Adria liegt [&hellip;]<\/p>\n","protected":false},"author":1,"featured_media":0,"parent":293,"menu_order":0,"comment_status":"closed","ping_status":"closed","template":"","meta":{"ocean_post_layout":"","ocean_both_sidebars_style":"","ocean_both_sidebars_content_width":0,"ocean_both_sidebars_sidebars_width":0,"ocean_sidebar":"0","ocean_second_sidebar":"0","ocean_disable_margins":"enable","ocean_add_body_class":"","ocean_shortcode_before_top_bar":"","ocean_shortcode_after_top_bar":"","ocean_shortcode_before_header":"","ocean_shortcode_after_header":"","ocean_has_shortcode":"","ocean_shortcode_after_title":"","ocean_shortcode_before_footer_widgets":"","ocean_shortcode_after_footer_widgets":"","ocean_shortcode_before_footer_bottom":"","ocean_shortcode_after_footer_bottom":"","ocean_display_top_bar":"default","ocean_display_header":"default","ocean_header_style":"","ocean_center_header_left_menu":"0","ocean_custom_header_template":"0","ocean_custom_logo":0,"ocean_custom_retina_logo":0,"ocean_custom_logo_max_width":0,"ocean_custom_logo_tablet_max_width":0,"ocean_custom_logo_mobile_max_width":0,"ocean_custom_logo_max_height":0,"ocean_custom_logo_tablet_max_height":0,"ocean_custom_logo_mobile_max_height":0,"ocean_header_custom_menu":"0","ocean_menu_typo_font_family":"0","ocean_menu_typo_font_subset":"","ocean_menu_typo_font_size":0,"ocean_menu_typo_font_size_tablet":0,"ocean_menu_typo_font_size_mobile":0,"ocean_menu_typo_font_size_unit":"px","ocean_menu_typo_font_weight":"","ocean_menu_typo_font_weight_tablet":"","ocean_menu_typo_font_weight_mobile":"","ocean_menu_typo_transform":"","ocean_menu_typo_transform_tablet":"","ocean_menu_typo_transform_mobile":"","ocean_menu_typo_line_height":0,"ocean_menu_typo_line_height_tablet":0,"ocean_menu_typo_line_height_mobile":0,"ocean_menu_typo_line_height_unit":"","ocean_menu_typo_spacing":0,"ocean_menu_typo_spacing_tablet":0,"ocean_menu_typo_spacing_mobile":0,"ocean_menu_typo_spacing_unit":"","ocean_menu_link_color":"","ocean_menu_link_color_hover":"","ocean_menu_link_color_active":"","ocean_menu_link_background":"","ocean_menu_link_hover_background":"","ocean_menu_link_active_background":"","ocean_menu_social_links_bg":"","ocean_menu_social_hover_links_bg":"","ocean_menu_social_links_color":"","ocean_menu_social_hover_links_color":"","ocean_disable_title":"default","ocean_disable_heading":"default","ocean_post_title":"","ocean_post_subheading":"","ocean_post_title_style":"","ocean_post_title_background_color":"","ocean_post_title_background":0,"ocean_post_title_bg_image_position":"","ocean_post_title_bg_image_attachment":"","ocean_post_title_bg_image_repeat":"","ocean_post_title_bg_image_size":"","ocean_post_title_height":0,"ocean_post_title_bg_overlay":0.5,"ocean_post_title_bg_overlay_color":"","ocean_disable_breadcrumbs":"default","ocean_breadcrumbs_color":"","ocean_breadcrumbs_separator_color":"","ocean_breadcrumbs_links_color":"","ocean_breadcrumbs_links_hover_color":"","ocean_display_footer_widgets":"default","ocean_display_footer_bottom":"default","ocean_custom_footer_template":"0","footnotes":""},"class_list":["post-12550","page","type-page","status-publish","hentry","entry"],"_links":{"self":[{"href":"https:\/\/www.hollerwoeger.com\/pepperbird\/wp-json\/wp\/v2\/pages\/12550","targetHints":{"allow":["GET"]}}],"collection":[{"href":"https:\/\/www.hollerwoeger.com\/pepperbird\/wp-json\/wp\/v2\/pages"}],"about":[{"href":"https:\/\/www.hollerwoeger.com\/pepperbird\/wp-json\/wp\/v2\/types\/page"}],"author":[{"embeddable":true,"href":"https:\/\/www.hollerwoeger.com\/pepperbird\/wp-json\/wp\/v2\/users\/1"}],"replies":[{"embeddable":true,"href":"https:\/\/www.hollerwoeger.com\/pepperbird\/wp-json\/wp\/v2\/comments?post=12550"}],"version-history":[{"count":9,"href":"https:\/\/www.hollerwoeger.com\/pepperbird\/wp-json\/wp\/v2\/pages\/12550\/revisions"}],"predecessor-version":[{"id":12612,"href":"https:\/\/www.hollerwoeger.com\/pepperbird\/wp-json\/wp\/v2\/pages\/12550\/revisions\/12612"}],"up":[{"embeddable":true,"href":"https:\/\/www.hollerwoeger.com\/pepperbird\/wp-json\/wp\/v2\/pages\/293"}],"wp:attachment":[{"href":"https:\/\/www.hollerwoeger.com\/pepperbird\/wp-json\/wp\/v2\/media?parent=12550"}],"curies":[{"name":"wp","href":"https:\/\/api.w.org\/{rel}","templated":true}]}}